{"id":43,"date":"2021-01-20T00:17:58","date_gmt":"2021-01-20T00:17:58","guid":{"rendered":"https:\/\/total.wpexplorer.com\/square-media\/?page_id=43"},"modified":"2022-07-12T16:18:17","modified_gmt":"2022-07-12T14:18:17","slug":"services","status":"publish","type":"page","link":"https:\/\/www.knh-recht.de\/?page_id=43","title":{"rendered":"Leistungen"},"content":{"rendered":"[vc_row][vc_column][vc_column_text]\n<h3>Gesellschaftsrecht<\/h3>\n[\/vc_column_text][vc_column_text]Komplizierte Gestaltungen im Gesellschaftsrecht sind Teil unserer t\u00e4glichen Arbeit. Wir wirken mit bei Finanzierungsrunden von StartUps, beraten Unternehmer als auch Investoren oder helfen bei der Gr\u00fcndung einer neuen Gesellschaft sowie der Auswahl deren Rechtsform.[\/vc_column_text][\/vc_column][\/vc_row][vc_row][vc_column][vc_column_text]\n<h3>Insolvenzrecht<\/h3>\n[\/vc_column_text][vc_column_text]Wir begleiten Unternehmen in der wirtschaftlichen Schieflage. Wir pr\u00fcfen eine Fortf\u00fchrung bzw. Sanierung oder beantragen f\u00fcr unsere Mandanten die Er\u00f6ffnung eines Insolvenzverfahrens \u00fcber ihr Verm\u00f6gen. Aufgrund der N\u00e4he zu unseren Steuerkanzleien sind auch wirtschaftliche bzw. steuerliche Fragestellungen schnell zu beantworten.[\/vc_column_text][\/vc_column][\/vc_row][vc_row][vc_column][vc_column_text]\n<h3>Vertragsrecht<\/h3>\n[\/vc_column_text][vc_column_text]Unserer Mandanten sch\u00e4tzen die Pr\u00e4zision unserer Vertr\u00e4ge. Vertragsrecht verlangt immer die Frage nach dem \u201ewas k\u00f6nnte passieren\u201c. Ziel unserer Beratung ist es daher stets, alle m\u00f6glichen Szenarien abzubilden und gemeinsam mit den Vertragsparteien juristisch korrekte L\u00f6sungen zu entwickeln.[\/vc_column_text][\/vc_column][\/vc_row]\n","protected":false},"excerpt":{"rendered":"<p>[vc_row][vc_column][vc_column_text] Gesellschaftsrecht [\/vc_column_text][vc_column_text]Komplizierte Gestaltungen im Gesellschaftsrecht sind Teil unserer t\u00e4glichen Arbeit. Wir wirken mit bei Finanzierungsrunden von StartUps, beraten Unternehmer als auch Investoren oder helfen bei der Gr\u00fcndung einer neuen Gesellschaft sowie der Auswahl deren Rechtsform.[\/vc_column_text][\/vc_column][\/vc_row][vc_row][vc_column][vc_column_text] Insolvenzrecht [\/vc_column_text][vc_column_text]Wir begleiten Unternehmen in der wirtschaftlichen Schieflage. Wir pr\u00fcfen eine Fortf\u00fchrung bzw. Sanierung oder beantragen f\u00fcr unsere Mandanten&hellip;<\/p>\n","protected":false},"author":1,"featured_media":0,"parent":0,"menu_order":0,"comment_status":"closed","ping_status":"closed","template":"","meta":{"footnotes":""},"class_list":["post-43","page","type-page","status-publish","hentry","entry","no-media"],"_links":{"self":[{"href":"https:\/\/www.knh-recht.de\/index.php?rest_route=\/wp\/v2\/pages\/43","targetHints":{"allow":["GET"]}}],"collection":[{"href":"https:\/\/www.knh-recht.de\/index.php?rest_route=\/wp\/v2\/pages"}],"about":[{"href":"https:\/\/www.knh-recht.de\/index.php?rest_route=\/wp\/v2\/types\/page"}],"author":[{"embeddable":true,"href":"https:\/\/www.knh-recht.de\/index.php?rest_route=\/wp\/v2\/users\/1"}],"replies":[{"embeddable":true,"href":"https:\/\/www.knh-recht.de\/index.php?rest_route=%2Fwp%2Fv2%2Fcomments&post=43"}],"version-history":[{"count":6,"href":"https:\/\/www.knh-recht.de\/index.php?rest_route=\/wp\/v2\/pages\/43\/revisions"}],"predecessor-version":[{"id":298,"href":"https:\/\/www.knh-recht.de\/index.php?rest_route=\/wp\/v2\/pages\/43\/revisions\/298"}],"wp:attachment":[{"href":"https:\/\/www.knh-recht.de\/index.php?rest_route=%2Fwp%2Fv2%2Fmedia&parent=43"}],"curies":[{"name":"wp","href":"https:\/\/api.w.org\/{rel}","templated":true}]}}