{"id":286,"date":"2022-05-30T10:50:21","date_gmt":"2022-05-30T08:50:21","guid":{"rendered":"http:\/\/wordpress.p614330.webspaceconfig.de\/?page_id=286"},"modified":"2023-04-28T15:54:40","modified_gmt":"2023-04-28T13:54:40","slug":"impressum","status":"publish","type":"page","link":"https:\/\/www.knh-recht.de\/?page_id=286","title":{"rendered":"Impressum"},"content":{"rendered":"\n<p>KNH Rechtsanwaltsgesellschaft mbH<br>Meinekestra\u00dfe 24<br>10719 Berlin<br>Deutschland<\/p>\n\n\n\n<p>Tel.: 030 23598 3610<br>Email:\u00a0bniroomand@kn-kanzlei.de<br><br>Inhaltlich Verantwortlicher gem\u00e4\u00df \u00a7 6 T: Rechtsanwalt Dr. Bijan Niroomand (Anschrift wie oben)\u00a0<br><br>Herrn Rechtsanwalt Dr. Bijan Niroomand wurde die Berufsbezeichnung &#8222;Rechtsanwalt&#8220; in der Bundesrepublik Deutschland verliehen.<br><br>Berufsrechtliche Regelungen Rechtsanwalt<\/p>\n\n\n\n<p>&#8211; Bundesrechtsanwaltsordnung (BRAO)<br>&#8211; Berufsordnung f\u00fcr Rechtsanw\u00e4lte (BORA)<br>&#8211; Fachanwaltsordnung (FAO)<br>&#8211; Rechtsanwaltsverg\u00fctungsgesetz (RVG)<br>&#8211; Berufsregelungen der Rechtsanw\u00e4lte der Europ\u00e4ischen Union<br><br>Die Regelungen k\u00f6nnen bei der Bundesrechtsanwaltskammer unter&nbsp;<a href=\"http:\/\/www.brak.de\/seiten\/06.php#tdg\"><strong>http:\/\/www.brak.de\/seiten\/06.php#tdg<\/strong><\/a><strong>&nbsp;<\/strong>eingesehen werden&nbsp;<\/p>\n\n\n\n<p><br>Angaben zur&nbsp;<strong>Berufshaftpflichtversicherung:<\/strong><\/p>\n\n\n\n<p>Name und Sitz der Gesellschaft:<\/p>\n\n\n\n<p>Geltungsraum der Versicherung:<br><br>Herr Rechtsanwalt Dr. Bijan Niroomand<br>Kammer: Rechtsanwaltskammer Berlin<br>Verliehen durch: Deutschland<br>Es gelten folgende<br>berufsrechtliche Regelungen: Berufsordnung der Rechtsanw\u00e4lte<br><\/p>\n\n\n\n<p>Zust\u00e4ndige Aufsichtsbeh\u00f6rden:<br>Rechtsanwaltskammer Berlin, Littenstr. 9, 10179 Berlin<br><br>Zust\u00e4ndige Kammern:<br>Rechtsanwaltskammer Berlin (Anschrift wie vor)<br><br><br><strong>Links&nbsp;<\/strong><\/p>\n\n\n\n<p>Alle Links auf externe Seiten wurden vom Anbieter bei Erstellung der Seite sorgf\u00e4ltig gepr\u00fcft. M\u00f6gliche Rechtsverst\u00f6\u00dfe waren zum Zeitpunkt der Verlinkung nicht erkennbar. Allerdings hat der Anbieter keinen Einfluss auf die Inhalte verlinkter Seiten, hierf\u00fcr ist der jeweilige Dienstanbieter verantwortlich. Der Anbieter hat hierzu keine allgemeine \u00dcberwachungs- und Pr\u00fcfungspflicht. Bei Bekanntwerden einer Rechtsverletzung wird der entsprechende Link jedoch umgehend entfernt.<br><\/p>\n\n\n\n<p><strong>Rechtliche Hinweise&nbsp;<\/strong><\/p>\n\n\n\n<p>Alle Texte, Bilder und weiter hier ver\u00f6ffentlichten Informationen unterliegen dem Urheberrecht des Anbieters, soweit nicht Urheberrechte Dritter bestehen. In jedem Fall ist eine Vervielf\u00e4ltigung, Verbreitung oder \u00f6ffentliche Wiedergabe ausschlie\u00dflich im Falle einer widerruflichen und nicht \u00fcbertragbaren Zustimmung des Anbieters gestattet.<\/p>\n","protected":false},"excerpt":{"rendered":"<p>KNH Rechtsanwaltsgesellschaft mbHMeinekestra\u00dfe 2410719 BerlinDeutschland Tel.: 030 23598 3610Email:\u00a0bniroomand@kn-kanzlei.de Inhaltlich Verantwortlicher gem\u00e4\u00df \u00a7 6 T: Rechtsanwalt Dr. Bijan Niroomand (Anschrift wie oben)\u00a0 Herrn Rechtsanwalt Dr. Bijan Niroomand wurde die Berufsbezeichnung &#8222;Rechtsanwalt&#8220; in der Bundesrepublik Deutschland verliehen. Berufsrechtliche Regelungen Rechtsanwalt &#8211; Bundesrechtsanwaltsordnung (BRAO)&#8211; Berufsordnung f\u00fcr Rechtsanw\u00e4lte (BORA)&#8211; Fachanwaltsordnung (FAO)&#8211; Rechtsanwaltsverg\u00fctungsgesetz (RVG)&#8211; Berufsregelungen der Rechtsanw\u00e4lte der Europ\u00e4ischen&hellip;<\/p>\n","protected":false},"author":1,"featured_media":0,"parent":0,"menu_order":0,"comment_status":"closed","ping_status":"closed","template":"","meta":{"footnotes":""},"class_list":["post-286","page","type-page","status-publish","hentry","entry","no-media"],"_links":{"self":[{"href":"https:\/\/www.knh-recht.de\/index.php?rest_route=\/wp\/v2\/pages\/286","targetHints":{"allow":["GET"]}}],"collection":[{"href":"https:\/\/www.knh-recht.de\/index.php?rest_route=\/wp\/v2\/pages"}],"about":[{"href":"https:\/\/www.knh-recht.de\/index.php?rest_route=\/wp\/v2\/types\/page"}],"author":[{"embeddable":true,"href":"https:\/\/www.knh-recht.de\/index.php?rest_route=\/wp\/v2\/users\/1"}],"replies":[{"embeddable":true,"href":"https:\/\/www.knh-recht.de\/index.php?rest_route=%2Fwp%2Fv2%2Fcomments&post=286"}],"version-history":[{"count":3,"href":"https:\/\/www.knh-recht.de\/index.php?rest_route=\/wp\/v2\/pages\/286\/revisions"}],"predecessor-version":[{"id":311,"href":"https:\/\/www.knh-recht.de\/index.php?rest_route=\/wp\/v2\/pages\/286\/revisions\/311"}],"wp:attachment":[{"href":"https:\/\/www.knh-recht.de\/index.php?rest_route=%2Fwp%2Fv2%2Fmedia&parent=286"}],"curies":[{"name":"wp","href":"https:\/\/api.w.org\/{rel}","templated":true}]}}