{"id":282,"date":"2022-05-30T10:49:32","date_gmt":"2022-05-30T08:49:32","guid":{"rendered":"http:\/\/wordpress.p614330.webspaceconfig.de\/?page_id=282"},"modified":"2023-04-28T15:51:38","modified_gmt":"2023-04-28T13:51:38","slug":"datenschutz","status":"publish","type":"page","link":"https:\/\/www.knh-recht.de\/?page_id=282","title":{"rendered":"Datenschutz"},"content":{"rendered":"\n<p><strong>1.&nbsp; &nbsp; &nbsp; &nbsp; &nbsp;Name und Kontaktdaten des f\u00fcr die Verarbeitung Verantwortlichen sowie des betrieblichen Datenschutzbeauftragten<\/strong><\/p>\n\n\n\n<p>Diese Datenschutzinformation gilt f\u00fcr die Datenverarbeitung durch:<\/p>\n\n\n\n<p>Verantwortliche: Rechtsanwalt Dr. Bijan Niroomand\u00a0<\/p>\n\n\n\n<p>E-Mail:&nbsp;<a href=\"mailto:kontakt@kn-kanzlei.de\">kontakt@kn-kanzlei.de<\/a><\/p>\n\n\n\n<p>Telefon: +49 30 2359 836 10<br><\/p>\n\n\n\n<p>Der betriebliche Datenschutzbeauftragte der Kanzlei ist unter der Anschrift Friedrichstra\u00dfe 95, 10117 Berlin bzw. unter&nbsp;<br>kontakt@kn-kanzlei.de erreichbar.<\/p>\n\n\n\n<p><strong>2.&nbsp; &nbsp; &nbsp; &nbsp; &nbsp;Erhebung und Speicherung personenbezogener Daten sowie Art und Zweck von deren Verwendung<\/strong><\/p>\n\n\n\n<p>Beim Aufrufen unserer Website&nbsp;<a href=\"http:\/\/www.knh-recht.de\">www.knh-recht.de<\/a>&nbsp;werden durch den auf Ihrem Endger\u00e4t zum Einsatz kommenden Browser automatisch Informationen an den Server meiner Website gesendet. Diese Informationen werden tempor\u00e4r in einem sogenannten Logfile gespeichert. Folgende Informationen werden dabei ohne Ihr www.knh-recht.deZutun erfasst und bis zur automatischen L\u00f6schung gespeichert:&nbsp;<\/p>\n\n\n\n<p>\u00b7&nbsp; &nbsp; &nbsp; &nbsp; IP-Adresse des anfragenden Rechners,<\/p>\n\n\n\n<p>\u00b7&nbsp; &nbsp; &nbsp; &nbsp; Datum und Uhrzeit des Zugriffes,<\/p>\n\n\n\n<p>\u00b7&nbsp; &nbsp; &nbsp; &nbsp; Name und URL der abgerufenen Datei,<\/p>\n\n\n\n<p>\u00b7&nbsp; &nbsp; &nbsp; &nbsp; Website, von der aus der Zugriff erfolgt (Referrer-URL),&nbsp;<\/p>\n\n\n\n<p>\u00b7&nbsp; &nbsp; &nbsp; &nbsp; verwendeter Browser und ggf. das Betriebssystem Ihres Rechners sowie der Name<br>&nbsp; &nbsp; &nbsp; &nbsp; &nbsp;Ihres Access-Providers,<\/p>\n\n\n\n<p>Die genannten Daten werden durch mich zu folgenden Zwecken verarbeitet:<\/p>\n\n\n\n<p>\u00b7&nbsp; &nbsp; &nbsp; &nbsp; Gew\u00e4hrleistung eines reibungslosen Verbindungsaufbaus der Website,<\/p>\n\n\n\n<p>\u00b7&nbsp; &nbsp; &nbsp; &nbsp; Gew\u00e4hrleistung einer komfortablen Nutzung meiner Website,&nbsp;<\/p>\n\n\n\n<p>\u00b7&nbsp; &nbsp; &nbsp; &nbsp; Auswertung der Systemsicherheit und -stabilit\u00e4t sowie&nbsp;<\/p>\n\n\n\n<p>\u00b7&nbsp; &nbsp; &nbsp; &nbsp; zu weiteren administrativen Zwecken.<\/p>\n\n\n\n<p>Die Rechtsgrundlage f\u00fcr die Datenverarbeitung ist Art. 6 Abs. 1 S.1 lit. f DSGVO. Mein berechtigtes Interesse folgt aus oben aufgelisteten Zwecken zur Datenerhebung. In keinem Fall verwenden wir die erhobenen Daten zu dem Zweck, R\u00fcckschl\u00fcsse auf Ihre Person zu ziehen.&nbsp;<\/p>\n\n\n\n<p><strong>3.&nbsp; &nbsp; &nbsp; &nbsp; &nbsp;Weitergabe von Daten<\/strong><\/p>\n\n\n\n<p>Eine \u00dcbermittlung Ihrer pers\u00f6nlichen Daten an Dritte zu anderen als den im Folgenden aufgef\u00fchrten Zwecken findet nicht statt.<\/p>\n\n\n\n<p>Wie geben Ihren pers\u00f6nlichen Daten nur an Dritte weiter, wenn:<\/p>\n\n\n\n<p>\u00b7&nbsp; &nbsp; &nbsp; &nbsp; Sie Ihre nach Art. 6 Abs. 1 Satz 1 lit. a DSGVO ausdr\u00fcckliche Einwilligung dazu erteilt haben,&nbsp;<\/p>\n\n\n\n<p>\u00b7&nbsp; &nbsp; &nbsp; &nbsp; die Weitergabe nach Art. 6 Abs. 1 Satz 1 lit. f DSGVO zur Geltendmachung, Aus\u00fcbung oder Verteidigung von Rechtsanspr\u00fcchen erforderlich ist und kein Grund zur Annahme besteht, dass Sie ein \u00fcberwiegendes schutzw\u00fcrdiges Interesse an der Nichtweitergabe Ihrer Daten haben,&nbsp;<\/p>\n\n\n\n<p>\u00b7&nbsp; &nbsp; &nbsp; &nbsp; f\u00fcr den Fall, dass f\u00fcr die Weitergabe nach Art. 6 Abs. 1 Satz 1 lit. c DSGVO eine gesetzliche Verpflichtung besteht, sowie&nbsp;<\/p>\n\n\n\n<p>\u00b7&nbsp; &nbsp; &nbsp; &nbsp; dies gesetzlich zul\u00e4ssig und nach Art. 6 Abs. 1 Satz 1 lit. b DSGVO f\u00fcr die Abwicklung von Vertragsverh\u00e4ltnissen mit Ihnen erforderlich ist<\/p>\n\n\n\n<p><strong>4.&nbsp; &nbsp; &nbsp; &nbsp; &nbsp;Betroffenenrechte<\/strong><\/p>\n\n\n\n<p>Sie haben das Recht<\/p>\n\n\n\n<p>\u00b7&nbsp; &nbsp; &nbsp; &nbsp; gem\u00e4\u00df Art. 15 DSGVO Auskunft \u00fcber Ihre von mir verarbeiteten personenbezogenen Daten zu verlangen. Insbesondere k\u00f6nnen Sie Auskunft \u00fcber die Verarbeitungszwecke, die Kategorie der personenbezogenen Daten, die Kategorien von Empf\u00e4ngern, gegen\u00fcber denen Ihre Daten offen gelegt wurden oder werden, die geplante Speicherdauer, das Bestehen eines Rechts auf Berichtigung, L\u00f6schung, Einschr\u00e4nkung der Verarbeitung oder Widerspruch, das Bestehen eines Beschwerderechtes, die Herkunft Ihrer Daten, sofern diese nicht bei mir erhoben wurden, sowie \u00fcber das Bestehen einer automatisierten Entscheidungsfindung einschlie\u00dflich Profiling und ggf. aussagekr\u00e4ftigen Informationen zu deren Einzelheiten verlangen;<\/p>\n\n\n\n<p>\u00b7&nbsp; &nbsp; &nbsp; &nbsp; gem\u00e4\u00df Art. 16 DSGVO unverz\u00fcglich die Berichtigung unrichtiger oder Vervollst\u00e4ndigung Ihrer bei mir gespeicherten personenbezogenen Daten zu verlangen;<\/p>\n\n\n\n<p>\u00b7&nbsp; &nbsp; &nbsp; &nbsp; gem\u00e4\u00df Art. 17 DSGVO die L\u00f6schung Ihrer bei mir gespeicherten personenbezogenen Daten zu verlangen, soweit nicht die Verarbeitung zur Aus\u00fcbung des Rechtes auf freie Meinungs\u00e4u\u00dferung und Informationen, zur Erf\u00fcllung einer rechtlichen Verpflichtung, aus Gr\u00fcnden des \u00f6ffentlichen Interesses oder zur Geltendmachung, Aus\u00fcbung oder Verteidigung von Rechtsanspr\u00fcchen erforderlich ist;<\/p>\n\n\n\n<p>\u00b7&nbsp; &nbsp; &nbsp; &nbsp; gem\u00e4\u00df \u00a7 Art. 18 DSGVO die Einschr\u00e4nkung der Verarbeitung Ihrer personenbezogenen Daten zu verlangen, soweit die Richtigkeit der Daten von Ihnen bestritten wird, die Verarbeitung unrechtm\u00e4\u00dfig ist, Sie aber deren L\u00f6schung ablehnen und ich die Daten nicht mehr ben\u00f6tige, Sie jedoch diese zur Geltendmachung, Aus\u00fcbung oder Verteidigung von Rechtsanspr\u00fcchen ben\u00f6tigen oder Sie gem\u00e4\u00df Art. 21 DSGVO Widerspruch gegen die Verarbeitung eingelegt haben;<\/p>\n\n\n\n<p>\u00b7&nbsp; &nbsp; &nbsp; &nbsp; gem\u00e4\u00df Art. 20 DSGVO Ihre personenbezogenen Daten, die Sie mir bereitgestellt haben, in einem strukturierten, g\u00e4ngigen und maschinenlesbaren Format zu erhalten oder die \u00dcbermittlung einen anderen Verantwortlichen zu verlangen;<\/p>\n\n\n\n<p>\u00b7&nbsp; &nbsp; &nbsp; &nbsp; gem\u00e4\u00df Art. 7 Abs. 3 Abs. 3 DSGVO Ihre einmal erteilte Einwilligung jederzeit gegen\u00fcber uns zu widerrufen. Dies hat zur Folge, dass ich die Datenverarbeitung, die auf dieser Einwilligung beruhte, f\u00fcr die Zukunft nicht mehr fortf\u00fchren darf und&nbsp;<\/p>\n\n\n\n<p>\u00b7&nbsp; &nbsp; &nbsp; &nbsp; gem\u00e4\u00df Art. 77 DSGVO sich bei einer Aufsichtsbeh\u00f6rde zu beschweren. In der Regel k\u00f6nnen Sie sich hierf\u00fcr an die Aufsichtsbeh\u00f6rde Ihres \u00fcblichen Aufenthaltsortes oder Arbeitsplatzes oder meines Kanzleisitzes wenden.<\/p>\n\n\n\n<p><strong>5.&nbsp; &nbsp; &nbsp; &nbsp; &nbsp;Widerspruchsrecht<\/strong><\/p>\n\n\n\n<p>Sofern Ihre personenbezogenen Daten auf Grundlage von berechtigten Interessen gem\u00e4\u00df Art. 6 Abs. 1 Satz 1 lit. f DSGVO verarbeitet werden, haben Sie das Recht, gem\u00e4\u00df Art. 21 DSGVO Widerspruch gegen die Verarbeitung Ihrer personenbezogenen Daten einzulegen, soweit daf\u00fcr Gr\u00fcnde vorliegen, die sich aus Ihrer besonderen Situation ergeben oder sich der Widerspruch gegen Direktwerbung richtet. Im letzteren Fall haben Sie ein generelles Widerspruchsrecht, dass ohne Angabe einer besonderen Situation von mir umgesetzt wird.&nbsp;<\/p>\n\n\n\n<p>M\u00f6chten Sie von Ihrem Widerrufs- oder Widerspruchsrecht Gebrauch machen, gen\u00fcgt eine E-Mail an kontakt@kn-kanzlei.de<\/p>\n\n\n\n<p><strong>6.&nbsp; &nbsp; &nbsp; &nbsp; &nbsp;Datensicherheit<\/strong><\/p>\n\n\n\n<p>Wie bedienen uns geeigneter technischer und organisatorischer Sicherheitsma\u00dfnahmen, um Ihre Daten gegen zuf\u00e4llige oder vors\u00e4tzliche Manipulationen, teilweisen oder vollst\u00e4ndigen Verlust, Zerst\u00f6rung oder gegen den unbefugten Zugriff Dritter zu sch\u00fctzen. Unsere Sicherheitsma\u00dfnahmen werden entsprechend der technologischen Entwicklung fortlaufend verbessert.<\/p>\n\n\n\n<p><strong>7.&nbsp; &nbsp; &nbsp; &nbsp; &nbsp;Aktualit\u00e4t und \u00c4nderung dieser Datenschutzerkl\u00e4rung<\/strong><\/p>\n\n\n\n<p>Diese Datenschutzerkl\u00e4rung ist aktuell g\u00fcltig und hat den Stand Mai 2018.<\/p>\n\n\n\n<p>Durch die Weiterentwicklung unserer Website und Angebote dar\u00fcber oder aufgrund ge\u00e4nderter gesetzlicher bzw. beh\u00f6rdlicher Vorgaben kann es notwendig werden, diese Datenschutzerkl\u00e4rung zu \u00e4ndern. Die jeweils aktuelle Datenschutzerkl\u00e4rung kann jederzeit auf der Website unter&nbsp;<a href=\"http:\/\/www.uwescharnhorst.de\/\">http:\/\/www.knh-recht.de<\/a>&nbsp;von Ihnen abgerufen und ausdruckt werden.<\/p>\n","protected":false},"excerpt":{"rendered":"<p>1.&nbsp; &nbsp; &nbsp; &nbsp; &nbsp;Name und Kontaktdaten des f\u00fcr die Verarbeitung Verantwortlichen sowie des betrieblichen Datenschutzbeauftragten Diese Datenschutzinformation gilt f\u00fcr die Datenverarbeitung durch: Verantwortliche: Rechtsanwalt Dr. Bijan Niroomand\u00a0 E-Mail:&nbsp;kontakt@kn-kanzlei.de Telefon: +49 30 2359 836 10 Der betriebliche Datenschutzbeauftragte der Kanzlei ist unter der Anschrift Friedrichstra\u00dfe 95, 10117 Berlin bzw. unter&nbsp;kontakt@kn-kanzlei.de erreichbar. 2.&nbsp; &nbsp; &nbsp; &nbsp;&hellip;<\/p>\n","protected":false},"author":1,"featured_media":0,"parent":0,"menu_order":0,"comment_status":"closed","ping_status":"closed","template":"","meta":{"footnotes":""},"class_list":["post-282","page","type-page","status-publish","hentry","entry","no-media"],"_links":{"self":[{"href":"https:\/\/www.knh-recht.de\/index.php?rest_route=\/wp\/v2\/pages\/282","targetHints":{"allow":["GET"]}}],"collection":[{"href":"https:\/\/www.knh-recht.de\/index.php?rest_route=\/wp\/v2\/pages"}],"about":[{"href":"https:\/\/www.knh-recht.de\/index.php?rest_route=\/wp\/v2\/types\/page"}],"author":[{"embeddable":true,"href":"https:\/\/www.knh-recht.de\/index.php?rest_route=\/wp\/v2\/users\/1"}],"replies":[{"embeddable":true,"href":"https:\/\/www.knh-recht.de\/index.php?rest_route=%2Fwp%2Fv2%2Fcomments&post=282"}],"version-history":[{"count":6,"href":"https:\/\/www.knh-recht.de\/index.php?rest_route=\/wp\/v2\/pages\/282\/revisions"}],"predecessor-version":[{"id":309,"href":"https:\/\/www.knh-recht.de\/index.php?rest_route=\/wp\/v2\/pages\/282\/revisions\/309"}],"wp:attachment":[{"href":"https:\/\/www.knh-recht.de\/index.php?rest_route=%2Fwp%2Fv2%2Fmedia&parent=282"}],"curies":[{"name":"wp","href":"https:\/\/api.w.org\/{rel}","templated":true}]}}